{"id":2057,"date":"2021-09-06T21:20:44","date_gmt":"2021-09-06T21:20:44","guid":{"rendered":"https:\/\/fitsed.org\/members\/?page_id=2057"},"modified":"2021-11-25T00:57:57","modified_gmt":"2021-11-25T00:57:57","slug":"checkout","status":"publish","type":"page","link":"https:\/\/fitsed.org\/members\/checkout\/","title":{"rendered":"Checkout"},"content":{"rendered":"<h4>CHECKOUTPLUS<\/h4>\n<p>FITS Monthly Membership<\/p>\n<p>\u00a34.95<\/p>\n<h4>Contact Information<\/h4>\n<p>E-mail AddressConfirm E-mail AddressFirst NameLast Name<\/p>\n<h4>Billing Address<\/h4>\n<p>CountryAfghanistan\u00c5land IslandsAlbaniaAlgeriaAmerican SamoaAndorraAngolaAnguillaAntarcticaAntigua &amp; BarbudaArgentinaArmeniaArubaAscension IslandAustraliaAustriaAzerbaijanBahamasBahrainBangladeshBarbadosBelarusBelgiumBelizeBeninBermudaBhutanBoliviaBosnia &amp; HerzegovinaBotswanaBrazilBritish Indian Ocean TerritoryBritish Virgin IslandsBruneiBulgariaBurkina FasoBurundiCambodiaCameroonCanadaCanary IslandsCape VerdeCaribbean NetherlandsCayman IslandsCentral African RepublicCeuta &amp; MelillaChadChileChinaChristmas IslandCocos (Keeling) IslandsColombiaComorosCongo &#8211; BrazzavilleCongo &#8211; KinshasaCook IslandsCosta RicaC\u00f4te d\u2019IvoireCroatiaCubaCura\u00e7aoCyprusCzechiaDenmarkDiego GarciaDjiboutiDominicaDominican RepublicEcuadorEgyptEl SalvadorEquatorial GuineaEritreaEstoniaEswatiniEthiopiaFalkland IslandsFaroe IslandsFijiFinlandFranceFrench GuianaFrench PolynesiaFrench Southern TerritoriesGabonGambiaGeorgiaGermanyGhanaGibraltarGreeceGreenlandGrenadaGuadeloupeGuamGuatemalaGuernseyGuineaGuinea-BissauGuyanaHaitiHondurasHong Kong SAR ChinaHungaryIcelandIndiaIndonesiaIranIraqIrelandIsle of ManIsraelItalyJamaicaJapanJerseyJordanKazakhstanKenyaKiribatiKosovoKuwaitKyrgyzstanLaosLatviaLebanonLesothoLiberiaLibyaLiechtensteinLithuaniaLuxembourgMacao SAR ChinaMadagascarMalawiMalaysiaMaldivesMaliMaltaMarshall IslandsMartiniqueMauritaniaMauritiusMayotteMexicoMicronesiaMoldovaMonacoMongoliaMontenegroMontserratMoroccoMozambiqueMyanmar (Burma)NamibiaNauruNepalNetherlandsNew CaledoniaNew ZealandNicaraguaNigerNigeriaNiueNorfolk IslandNorth KoreaNorth MacedoniaNorthern Mariana IslandsNorwayOmanPakistanPalauPalestinian TerritoriesPanamaPapua New GuineaParaguayPeruPhilippinesPitcairn IslandsPolandPortugalPseudo-AccentsPseudo-BidiPuerto RicoQatarR\u00e9unionRomaniaRussiaRwandaSamoaSan MarinoS\u00e3o Tom\u00e9 &amp; Pr\u00edncipeSaudi ArabiaSenegalSerbiaSeychellesSierra LeoneSingaporeSint MaartenSlovakiaSloveniaSolomon IslandsSomaliaSouth AfricaSouth Georgia &amp; South Sandwich IslandsSouth KoreaSouth SudanSpainSri LankaSt. Barth\u00e9lemySt. HelenaSt. Kitts &amp; NevisSt. LuciaSt. MartinSt. Pierre &amp; MiquelonSt. Vincent &amp; GrenadinesSudanSurinameSvalbard &amp; Jan MayenSwedenSwitzerlandSyriaTaiwanTajikistanTanzaniaThailandTimor-LesteTogoTokelauTongaTrinidad &amp; TobagoTristan da CunhaTunisiaTurkeyTurkmenistanTurks &amp; Caicos IslandsTuvaluU.S. Outlying IslandsU.S. Virgin IslandsUgandaUkraineUnited Arab EmiratesUnited KingdomUnited StatesUruguayUzbekistanVanuatuVatican CityVenezuelaVietnamWallis &amp; FutunaWestern SaharaYemenZambiaZimbabweZip\/Post Code<\/p>\n<h4>Coupon<\/h4>\n<p>Enter Coupon Code<\/p>\n<h4>Payment Information<\/h4>\n<p>Choose Credit CardCard Number<\/p>\n<h4>Order Summary<\/h4>\n<p>FITS Membership\u00a34.95Subtotal\u00a34.95Discount\u00a30.00Tax 0.00%\u00a30.00Total\u00a34.95<\/p>\n<h4>Future Payments<\/h4>\n<p>Payment starting \u00a34.95Discount\u00a30.00Tax 0.00%\u00a30.00Future Amount\u00a34.95 \/ month<a href=\"#\" class=\"op3-background-ancestor opc-submit\" target=\"_self\" data-op-action=\"link\" data-op-popoverlay-trigger=\"none\" data-op-select-funnel-step=\"\" data-op-animation-trigger=\"none\" data-op-animation-style=\"\" data-op-animation-loop=\"0\" data-op-timer-minutes=\"0\" data-op-timer-seconds=\"0\" data-op3-smooth-scroll=\"\" data-op-effect-style=\"\" rel=\"noopener\">Join Now for Just \u00a34.95Start Now<\/a><\/p>\n<p>By clicking the button above you agree to be bound by our terms and conditions and privacy policy.&nbsp; <\/p>\n<h4 style=\"\">Here&#8217;s What You&#8217;ll Get<\/h4>\n<p>When you join today you get immediate access to the full range of the FITS service management processes including;<\/p>\n<p>Service Desk &amp; Incident ManagementProblem Management and Operations ManagementPlus everything you&#8217;d expect to find in a professional service management framework.<\/p>\n<p>\u201c\u2026 absolutely perfect content for our current IT environment. Extremely relevant.\u201d \u201c\u2026 George was a brilliant presenter. If we were to have any further training we would like to request him.&#8221;<\/p>\n<p><a target=\"_self\" data-op-action=\"link\" data-op-popoverlay-trigger=\"none\" data-op-select-funnel-step=\"\" data-op3-smooth-scroll=\"\" rel=\"noopener\"><img loading=\"lazy\" decoding=\"async\" src=\"https:\/\/fitsed.org\/members\/wp-content\/uploads\/2021\/03\/module-section-heading-master.png\" alt=\"\" title=\"module section heading master\" width=\"245\" height=\"184\" data-op3-attachment-id=\"1967\" \/><\/a><\/p>\n<p>Taryn Hauritz<\/p>\n<p>Director of Learning Technologies<\/p>\n<p>&#8220;&#8230; Indeed I do see FITS as an adapted for education variation of ITIL, as the industry standard (ITIL) is quite hard to implement &#8220;by the book&#8221; in an educational organization&#8221;<\/p>\n<p><a target=\"_self\" data-op-action=\"link\" data-op-popoverlay-trigger=\"none\" data-op-select-funnel-step=\"\" data-op3-smooth-scroll=\"0\" rel=\"noopener\"><img loading=\"lazy\" decoding=\"async\" src=\"https:\/\/fitsed.org\/members\/wp-content\/uploads\/2021\/03\/module-section-heading-master.png\" alt=\"\" title=\"module section heading master\" width=\"245\" height=\"184\" data-op3-attachment-id=\"1967\" \/><\/a><\/p>\n<p>Todor Kotsev<\/p>\n<p>ICT Services Manager\/ITIL Service Designer<\/p>\n<h4>Purchase with Confidence<\/h4>\n<p>100% Money Back Guarantee<\/p>\n<p>You are fully protected by our 100% Money Back Guarantee. If you don&#8217;t like our products over the next 30 days, then we will gladly refund your money.&nbsp;No questions asked!<\/p>\n<p>Bank Level SSL Secured CheckoutAmazing Support&nbsp;Payments processed via Stripemastercard   <\/p>\n<p>Copyright \u00a9 Company Name. All Rights Reserved.&nbsp;<\/p>\n","protected":false},"excerpt":{"rendered":"<p>CHECKOUTPLUS FITS Monthly Membership \u00a34.95 Contact Information E-mail AddressConfirm E-mail AddressFirst NameLast Name Billing Address CountryAfghanistan\u00c5land IslandsAlbaniaAlgeriaAmerican SamoaAndorraAngolaAnguillaAntarcticaAntigua &amp; BarbudaArgentinaArmeniaArubaAscension IslandAustraliaAustriaAzerbaijanBahamasBahrainBangladeshBarbadosBelarusBelgiumBelizeBeninBermudaBhutanBoliviaBosnia &amp; HerzegovinaBotswanaBrazilBritish Indian Ocean TerritoryBritish Virgin IslandsBruneiBulgariaBurkina FasoBurundiCambodiaCameroonCanadaCanary IslandsCape VerdeCaribbean NetherlandsCayman IslandsCentral African RepublicCeuta &amp; MelillaChadChileChinaChristmas IslandCocos (Keeling) IslandsColombiaComorosCongo &#8211; BrazzavilleCongo &#8211; KinshasaCook IslandsCosta RicaC\u00f4te d\u2019IvoireCroatiaCubaCura\u00e7aoCyprusCzechiaDenmarkDiego GarciaDjiboutiDominicaDominican RepublicEcuadorEgyptEl SalvadorEquatorial GuineaEritreaEstoniaEswatiniEthiopiaFalkland IslandsFaroe IslandsFijiFinlandFranceFrench GuianaFrench PolynesiaFrench [&hellip;]<\/p>\n","protected":false},"author":1,"featured_media":0,"parent":0,"menu_order":0,"comment_status":"closed","ping_status":"closed","template":"op_builder_blank","meta":{"footnotes":""},"class_list":["post-2057","page","type-page","status-publish","hentry"],"_links":{"self":[{"href":"https:\/\/fitsed.org\/members\/wp-json\/wp\/v2\/pages\/2057","targetHints":{"allow":["GET"]}}],"collection":[{"href":"https:\/\/fitsed.org\/members\/wp-json\/wp\/v2\/pages"}],"about":[{"href":"https:\/\/fitsed.org\/members\/wp-json\/wp\/v2\/types\/page"}],"author":[{"embeddable":true,"href":"https:\/\/fitsed.org\/members\/wp-json\/wp\/v2\/users\/1"}],"replies":[{"embeddable":true,"href":"https:\/\/fitsed.org\/members\/wp-json\/wp\/v2\/comments?post=2057"}],"version-history":[{"count":0,"href":"https:\/\/fitsed.org\/members\/wp-json\/wp\/v2\/pages\/2057\/revisions"}],"wp:attachment":[{"href":"https:\/\/fitsed.org\/members\/wp-json\/wp\/v2\/media?parent=2057"}],"curies":[{"name":"wp","href":"https:\/\/api.w.org\/{rel}","templated":true}]}}